{"id":517,"date":"2024-04-07T14:43:32","date_gmt":"2024-04-07T12:43:32","guid":{"rendered":"https:\/\/prosecco.co.com\/?post_type=product&#038;p=517"},"modified":"2024-04-07T14:52:00","modified_gmt":"2024-04-07T12:52:00","slug":"nouveau-modele-3","status":"publish","type":"product","link":"https:\/\/prosecco.co.com\/fr\/shop\/prosecco-extra-dry\/prosecco-montelliana-extra-dry\/","title":{"rendered":"Prosecco Montelliana DOC - <\/br>Extra sec -"},"content":{"rendered":"<div class=\"column one-second mobile-one\"><div class=\"mcb-column-inner\">\n<h4><strong>CANTINA MONTELLIANA-<hr class=\"no_line\" style=\"margin: 0 auto 40px auto\"\/>\n<\/strong><\/h4>\n<p>Au c\u0153ur de la Marca Trevigiana, au pied des Colli Asolani et du quartier de Montello, se trouve la Cantina Montelliana, une coop\u00e9rative de 400 viticulteurs associ\u00e9s qui produit du Prosecco DOC, DOCG et d'autres vins de grande valeur organoleptique. Un territoire riche en traditions, capable de donner naissance \u00e0 des vins au go\u00fbt unique et incomparable. \"Nos vins ne seraient pas ce qu'ils sont sans ces terres\".<\/p>\n<p>L'attention port\u00e9e \u00e0 la tradition et l'utilisation des meilleures technologies du secteur nous permettent d'apporter un soin particulier \u00e0 chaque processus de transformation, ce qui se traduit par d'excellents vins : Asolo Prosecco Superiore DOCG et Prosecco DOC Treviso surtout, mais aussi d'excellents vins blancs et rouges. Un exemple d'excellence dans le secteur viticole italien.<\/p>\n<p><\/div><\/div>\n<br \/>\n<div class=\"column one-second mobile-one\"><div class=\"mcb-column-inner\"><br \/>\n<img loading=\"lazy\" decoding=\"async\" class=\"wp-image-492 size-full aligncenter\" src=\"https:\/\/prosecco.co.com\/wp-content\/uploads\/2024\/04\/Montelliana-2.webp\" alt=\"\" width=\"300\" height=\"300\" srcset=\"https:\/\/prosecco.co.com\/wp-content\/uploads\/2024\/04\/Montelliana-2.webp 300w, https:\/\/prosecco.co.com\/wp-content\/uploads\/2024\/04\/Montelliana-2-12x12.webp 12w, https:\/\/prosecco.co.com\/wp-content\/uploads\/2024\/04\/Montelliana-2-150x150.webp 150w, https:\/\/prosecco.co.com\/wp-content\/uploads\/2024\/04\/Montelliana-2-75x75.webp 75w\" sizes=\"auto, (max-width:767px) 300px, 300px\" \/><br \/>\n<\/div><\/div>\n<\/p>","protected":false},"excerpt":{"rendered":"<dl style=\"padding-top: 30px;\">\n<dt>Appellation<\/dt>\n<dd>Prosecco D.O.C Treviso Extra Dry<\/dd>\n<dt>C\u00e9page<\/dt>\n<dd>100% Glera<\/dd>\n<dt>Volume<\/dt>\n<dd>0,75 L \/ 10\u20ac par litre<\/dd>\n<dt>Vintage<\/dt>\n<dd>2022<\/dd>\n<dt>Alcool<\/dt>\n<dd>11%<\/dd>\n<dt>Finning<\/dt>\n<dd>2 mois<\/dd>\n<dt>Bouquet<\/dt>\n<dd>Il pr\u00e9sente un bouquet fruit\u00e9 typique rappelant les pommes Golden Delicious, avec un soup\u00e7on de banane et de p\u00eache.<\/dd>\n<dt>Caract\u00e9ristiques<\/dt>\n<dd>Sa couleur est jaune paille p\u00e2le avec des reflets verd\u00e2tres. En bouche, il est frais, aromatique et velout\u00e9, avec une rondeur agr\u00e9able.<\/dd>\n<dt>Les jumelages<\/dt>\n<dd>Id\u00e9al \u00e0 l'ap\u00e9ritif, mais aussi avec les entr\u00e9es, les p\u00e2tes, les pizzas, les risottos, les l\u00e9gumes grill\u00e9s et les salades d'\u00e9t\u00e9.<\/dd>\n<\/dl>","protected":false},"featured_media":518,"template":"","meta":[],"product_brand":[],"product_cat":[26],"product_tag":[],"class_list":{"0":"post-517","1":"product","2":"type-product","3":"status-publish","4":"has-post-thumbnail","6":"product_cat-prosecco-extra-dry","8":"first","9":"instock","10":"taxable","11":"shipping-taxable","12":"purchasable","13":"product-type-simple"},"_links":{"self":[{"href":"https:\/\/prosecco.co.com\/fr\/wp-json\/wp\/v2\/product\/517","targetHints":{"allow":["GET"]}}],"collection":[{"href":"https:\/\/prosecco.co.com\/fr\/wp-json\/wp\/v2\/product"}],"about":[{"href":"https:\/\/prosecco.co.com\/fr\/wp-json\/wp\/v2\/types\/product"}],"wp:featuredmedia":[{"embeddable":true,"href":"https:\/\/prosecco.co.com\/fr\/wp-json\/wp\/v2\/media\/518"}],"wp:attachment":[{"href":"https:\/\/prosecco.co.com\/fr\/wp-json\/wp\/v2\/media?parent=517"}],"wp:term":[{"taxonomy":"product_brand","embeddable":true,"href":"https:\/\/prosecco.co.com\/fr\/wp-json\/wp\/v2\/product_brand?post=517"},{"taxonomy":"product_cat","embeddable":true,"href":"https:\/\/prosecco.co.com\/fr\/wp-json\/wp\/v2\/product_cat?post=517"},{"taxonomy":"product_tag","embeddable":true,"href":"https:\/\/prosecco.co.com\/fr\/wp-json\/wp\/v2\/product_tag?post=517"}],"curies":[{"name":"wp","href":"https:\/\/api.w.org\/{rel}","templated":true}]}}