{"id":505,"date":"2024-04-06T15:14:00","date_gmt":"2024-04-06T13:14:00","guid":{"rendered":"https:\/\/prosecco.co.com\/?post_type=product&#038;p=505"},"modified":"2024-04-06T15:56:34","modified_gmt":"2024-04-06T13:56:34","slug":"prosecco-col-vetoraz-valdobbiadene-docg-extra-dry","status":"publish","type":"product","link":"https:\/\/prosecco.co.com\/fr\/shop\/prosecco-extra-dry\/prosecco-col-vetoraz-valdobbiadene-docg-extra-dry\/","title":{"rendered":"Prosecco Col Vetoraz DOCG - <\/br>Extra sec -"},"content":{"rendered":"<div class=\"column one-second mobile-one\"><div class=\"mcb-column-inner\">\n<h4><strong>CANTINA COL VETORAZ -<hr class=\"no_line\" style=\"margin: 0 auto 40px auto\"\/>\n<\/strong><\/h4>\n<div class=\"et_pb_module et_pb_text et_pb_text_12 et_pb_text_align_left et_pb_bg_layout_light\">\n<div class=\"et_pb_text_inner\">\n<p><strong>Les collines situ\u00e9es entre Valdobbiadene et Conegliano sont cultiv\u00e9es depuis plus de huit cents ans. L'histoire d'un vin, surtout si ses origines sont anciennes, est intimement li\u00e9e non seulement \u00e0 la terre qui le produit, mais aussi aux hommes et aux femmes qui ont grandi avec elle. Le sol, le climat, le vin, les coutumes et les traditions : tous ces aspects constituent ce que l'on appelle le \u201cterroir\u201d.<br \/>\nLes collines de Valdobbiadene et de Conegliano ont \u00e9t\u00e9 fa\u00e7onn\u00e9es et rendues gracieuses par l'homme qui, au fil des si\u00e8cles, a r\u00e9ussi \u00e0 cr\u00e9er un paysage enchanteur : ce sont des collines d'une beaut\u00e9 \u00e9th\u00e9r\u00e9e, qui produisent des vins d'une douceur exquise.<br \/>\nCol Vetoraz a donc d\u00e9cid\u00e9, \u00e0 partir du mill\u00e9sime 2017, de retirer le mot \u201cProsecco\u201d de toutes ses \u00e9tiquettes et de tous ses supports de communication, en utilisant uniquement la d\u00e9nomination \u201cValdobbiadene D.O.C.G\u201d, v\u00e9ritable et unique identit\u00e9 territoriale de nos vins.<br \/>\n<\/strong>\n<\/div>\n<\/div>\n<p><\/div><\/div>\n<br \/>\n<div class=\"column one-second mobile-one\"><div class=\"mcb-column-inner\"><br \/>\n<img loading=\"lazy\" decoding=\"async\" class=\"wp-image-491 size-full aligncenter\" src=\"https:\/\/prosecco.co.com\/wp-content\/uploads\/2024\/04\/col_vetoraz-1.webp\" alt=\"\" width=\"300\" height=\"300\" srcset=\"https:\/\/prosecco.co.com\/wp-content\/uploads\/2024\/04\/col_vetoraz-1.webp 300w, https:\/\/prosecco.co.com\/wp-content\/uploads\/2024\/04\/col_vetoraz-1-12x12.webp 12w, https:\/\/prosecco.co.com\/wp-content\/uploads\/2024\/04\/col_vetoraz-1-150x150.webp 150w, https:\/\/prosecco.co.com\/wp-content\/uploads\/2024\/04\/col_vetoraz-1-75x75.webp 75w\" sizes=\"auto, (max-width:767px) 300px, 300px\" \/><br \/>\n<\/div><\/div>\n<\/p>","protected":false},"excerpt":{"rendered":"<dl style=\"padding-top: 30px;\">\n<dt>Appellation<\/dt>\n<dd>Valdobbiadene D.O.C.G. Extra Dry<\/dd>\n<dt>C\u00e9page<\/dt>\n<dd>100% Glera<\/dd>\n<dt>Volume<\/dt>\n<dd>0,75 L \/ 19\u20ac par litre<\/dd>\n<dt>Vintage<\/dt>\n<dd>2022 <\/dd>\n<dt>Alcool<\/dt>\n<dd>12%<\/dd>\n<dt>Garniture<\/dt>\n<dd>De 1 \u00e0 3 mois<\/dd>\n<dt>Bouquet<\/dt>\n<dd> Parfums de roses, d'agrumes, d'acacia, de fleurs de vigne, de p\u00eaches blanches, de poires et de pommes. Harmonieux et d\u00e9licat, acidul\u00e9 et l\u00e9g\u00e8rement fruit\u00e9.<\/dd>\n<dt>Caract\u00e9ristiques<\/dt>\n<dd>Perlage fin et persistant - Mousse cr\u00e9meuse <\/dd>\n<dt>Les jumelages<\/dt>\n<dd> Il accompagne joyeusement les r\u00e9unions entre amis, constitue un excellent ap\u00e9ritif et se marie parfaitement avec des plats d\u00e9licats et raffin\u00e9s.<\/dd>\n<\/dl>","protected":false},"featured_media":507,"template":"","meta":[],"product_brand":[],"product_cat":[26],"product_tag":[36,40,44,46],"class_list":{"0":"post-505","1":"product","2":"type-product","3":"status-publish","4":"has-post-thumbnail","6":"product_cat-prosecco-extra-dry","7":"product_tag-docg","8":"product_tag-prosecco","9":"product_tag-superiore","10":"product_tag-valdobbiadene","12":"first","13":"instock","14":"taxable","15":"shipping-taxable","16":"purchasable","17":"product-type-simple"},"_links":{"self":[{"href":"https:\/\/prosecco.co.com\/fr\/wp-json\/wp\/v2\/product\/505","targetHints":{"allow":["GET"]}}],"collection":[{"href":"https:\/\/prosecco.co.com\/fr\/wp-json\/wp\/v2\/product"}],"about":[{"href":"https:\/\/prosecco.co.com\/fr\/wp-json\/wp\/v2\/types\/product"}],"wp:featuredmedia":[{"embeddable":true,"href":"https:\/\/prosecco.co.com\/fr\/wp-json\/wp\/v2\/media\/507"}],"wp:attachment":[{"href":"https:\/\/prosecco.co.com\/fr\/wp-json\/wp\/v2\/media?parent=505"}],"wp:term":[{"taxonomy":"product_brand","embeddable":true,"href":"https:\/\/prosecco.co.com\/fr\/wp-json\/wp\/v2\/product_brand?post=505"},{"taxonomy":"product_cat","embeddable":true,"href":"https:\/\/prosecco.co.com\/fr\/wp-json\/wp\/v2\/product_cat?post=505"},{"taxonomy":"product_tag","embeddable":true,"href":"https:\/\/prosecco.co.com\/fr\/wp-json\/wp\/v2\/product_tag?post=505"}],"curies":[{"name":"wp","href":"https:\/\/api.w.org\/{rel}","templated":true}]}}