{"id":443,"date":"2024-04-03T13:51:42","date_gmt":"2024-04-03T13:51:42","guid":{"rendered":"https:\/\/prosecco.co.com\/?post_type=product&#038;p=443"},"modified":"2024-04-06T15:34:41","modified_gmt":"2024-04-06T13:34:41","slug":"nouveau-modele-7","status":"publish","type":"product","link":"https:\/\/prosecco.co.com\/fr\/shop\/prosecco-extra-dry\/prosecco-bortolomiol-valdobbiadene-docg-extra-dry-senior\/","title":{"rendered":"Prosecco Bortolomiol DOCG - <\/br>Extra Dry - \"SENIOR"},"content":{"rendered":"<div class=\"column one-second mobile-one\"><div class=\"mcb-column-inner\">\n<h4><strong>CANTINA BORTOLOMIOL -<hr class=\"no_line\" style=\"margin: 0 auto 40px auto\"\/>\n<\/strong><\/h4>\n<div class=\"et_pb_module et_pb_text et_pb_text_12 et_pb_text_align_left et_pb_bg_layout_light\">\n<div class=\"et_pb_text_inner\">\n<p><strong>Des documents datant de la moiti\u00e9 du XVIIIe si\u00e8cle t\u00e9moignent de l'existence de Bartolomeo Bortolomiol, l'anc\u00eatre qui a transmis le nom et la profession de la famille pendant des g\u00e9n\u00e9rations. Tout au long de sa vie, Bartolomeo a cultiv\u00e9 la vigne dans les collines du Valdobbiadene, transmettant \u00e0 ses descendants l'amour de la terre et le d\u00e9sir d'en tirer le meilleur parti. Son exemple s'est \u00e9tendu jusqu'\u00e0 Giuliano Bortolomiol qui a toujours cru en la qualit\u00e9 et en l'avenir du Prosecco DOC, en y consacrant toute sa vie... <\/strong><\/p>\n<p><strong>\u201cJe veux montrer \u00e0 tout le monde que nous pouvons faire du bon vin que les gens aimeront. La terre o\u00f9 nous vivons a quelque chose de sp\u00e9cial que nous ne comprenons pas encore.\u201d<\/strong><\/p>\n<\/div>\n<\/div>\n<p><\/div><\/div>\n<br \/>\n<div class=\"column one-second mobile-one\"><div class=\"mcb-column-inner\"><br \/>\n<img loading=\"lazy\" decoding=\"async\" class=\"wp-image-457 size-full aligncenter\" src=\"https:\/\/prosecco.co.com\/wp-content\/uploads\/2024\/04\/bortolomiol-with-border.png\" alt=\"\" width=\"300\" height=\"300\" srcset=\"https:\/\/prosecco.co.com\/wp-content\/uploads\/2024\/04\/bortolomiol-with-border.png 300w, https:\/\/prosecco.co.com\/wp-content\/uploads\/2024\/04\/bortolomiol-with-border-12x12.png 12w, https:\/\/prosecco.co.com\/wp-content\/uploads\/2024\/04\/bortolomiol-with-border-150x150.png 150w, https:\/\/prosecco.co.com\/wp-content\/uploads\/2024\/04\/bortolomiol-with-border-75x75.png 75w\" sizes=\"auto, (max-width:767px) 300px, 300px\" \/><br \/>\n<\/div><\/div>\n<\/p>","protected":false},"excerpt":{"rendered":"<dl style=\"padding-top: 30px;\">\n<dt>Appellation<\/dt>\n<dd>Valdobbiadene Prosecco Superiore D.O.C.G. Extra Dry<\/dd>\n<dt>C\u00e9page<\/dt>\n<dd>100% Glera<\/dd>\n<dt>Volume<\/dt>\n<dd>0,75 L \/ 14\u20ac par litre<\/dd>\n<dt>Vintage<\/dt>\n<dd>2022 \u201cMillesimato\u201d<\/dd>\n<dt>Alcool<\/dt>\n<dd>11,5%<\/dd>\n<dt>Garniture<\/dt>\n<dd>De 1 \u00e0 3 mois<\/dd>\n<dt>Bouquet<\/dt>\n<dd>D\u00e9licat, fruit\u00e9 et aromatique. Frais, typ\u00e9, \u00e9quilibr\u00e9 et velout\u00e9.<\/dd>\n<dt>Caract\u00e9ristiques<\/dt>\n<dd>Perlage fin et persistant - Jaune p\u00e2le avec des reflets verd\u00e2tres.<\/dd>\n<dt>Les jumelages<\/dt>\n<dd>Excellent \u00e0 l'ap\u00e9ritif. Parfait avec les soupes de l\u00e9gumes et la cervelle de mouton frite.<\/dd>\n<\/dl>","protected":false},"featured_media":445,"template":"","meta":[],"product_brand":[],"product_cat":[26],"product_tag":[36,39,40,44,46],"class_list":{"0":"post-443","1":"product","2":"type-product","3":"status-publish","4":"has-post-thumbnail","6":"product_cat-prosecco-extra-dry","7":"product_tag-docg","8":"product_tag-millesimato","9":"product_tag-prosecco","10":"product_tag-superiore","11":"product_tag-valdobbiadene","13":"first","14":"instock","15":"taxable","16":"shipping-taxable","17":"purchasable","18":"product-type-simple"},"_links":{"self":[{"href":"https:\/\/prosecco.co.com\/fr\/wp-json\/wp\/v2\/product\/443","targetHints":{"allow":["GET"]}}],"collection":[{"href":"https:\/\/prosecco.co.com\/fr\/wp-json\/wp\/v2\/product"}],"about":[{"href":"https:\/\/prosecco.co.com\/fr\/wp-json\/wp\/v2\/types\/product"}],"wp:featuredmedia":[{"embeddable":true,"href":"https:\/\/prosecco.co.com\/fr\/wp-json\/wp\/v2\/media\/445"}],"wp:attachment":[{"href":"https:\/\/prosecco.co.com\/fr\/wp-json\/wp\/v2\/media?parent=443"}],"wp:term":[{"taxonomy":"product_brand","embeddable":true,"href":"https:\/\/prosecco.co.com\/fr\/wp-json\/wp\/v2\/product_brand?post=443"},{"taxonomy":"product_cat","embeddable":true,"href":"https:\/\/prosecco.co.com\/fr\/wp-json\/wp\/v2\/product_cat?post=443"},{"taxonomy":"product_tag","embeddable":true,"href":"https:\/\/prosecco.co.com\/fr\/wp-json\/wp\/v2\/product_tag?post=443"}],"curies":[{"name":"wp","href":"https:\/\/api.w.org\/{rel}","templated":true}]}}