{"id":436,"date":"2024-04-03T13:09:46","date_gmt":"2024-04-03T13:09:46","guid":{"rendered":"https:\/\/prosecco.co.com\/?post_type=product&#038;p=436"},"modified":"2024-04-05T14:31:14","modified_gmt":"2024-04-05T12:31:14","slug":"nouveau-modele-6","status":"publish","type":"product","link":"https:\/\/prosecco.co.com\/fr\/shop\/prosecco-extra-dry\/prosecco-colesel-valdobbiadene-docg-extra-dry-fontana-vecia\/","title":{"rendered":"Prosecco Colesel DOCG - <\/br>Extra Dry - \"Fontana Vecia\" -"},"content":{"rendered":"<div class=\"column one-second mobile-one\"><div class=\"mcb-column-inner\">\n<h4><strong>CANTINA COLESEL-<hr class=\"no_line\" style=\"margin: 0 auto 40px auto\"\/>\n<\/strong><\/h4>\n<p><strong>L'histoire de Colesel est n\u00e9e en 1949 sur les terres de Cartizze, au c\u0153ur du Valdobbiadene, et c'est une histoire de tradition paysanne sur le lien entre l'homme et sa terre.<\/strong><\/p>\n<p><strong>Aujourd'hui, Siro et ses fils Vlady et Antonio continuent \u00e0 perp\u00e9tuer la tradition familiale en s'occupant avec passion des vignobles qui s'\u00e9tendent sur des collines escarp\u00e9es et fatigantes \u00e0 plus de 450 m\u00e8tres au-dessus du niveau de la mer. Le Colesel Spumante est n\u00e9. Un vin mousseux issu d'une terre qui allie l'obstination des vignerons \u00e0 la culture de la tradition, \u00e0 la t\u00e9nacit\u00e9 du travail et \u00e0 l'innovation du savoir. Comme le dit Vlady : \u201cTravailler avec des gants blancs\u201d, en combinant la passion et le respect du territoire avec la modernit\u00e9 de la technologie appliqu\u00e9e, o\u00f9 la m\u00e9thode italienne exprime le c\u00e9page avec une grande identit\u00e9 dans un vin mousseux avec un style unique : le style Colesel.<\/strong><\/p>\n<p><\/div><\/div>\n<br \/>\n<div class=\"column one-second mobile-one\"><div class=\"mcb-column-inner\"><br \/>\n<img loading=\"lazy\" decoding=\"async\" class=\"wp-image-494 size-full aligncenter\" src=\"https:\/\/prosecco.co.com\/wp-content\/uploads\/2024\/04\/Colesel-1.webp\" alt=\"\" width=\"300\" height=\"300\" srcset=\"https:\/\/prosecco.co.com\/wp-content\/uploads\/2024\/04\/Colesel-1.webp 300w, https:\/\/prosecco.co.com\/wp-content\/uploads\/2024\/04\/Colesel-1-12x12.webp 12w, https:\/\/prosecco.co.com\/wp-content\/uploads\/2024\/04\/Colesel-1-150x150.webp 150w, https:\/\/prosecco.co.com\/wp-content\/uploads\/2024\/04\/Colesel-1-75x75.webp 75w\" sizes=\"auto, (max-width:767px) 300px, 300px\" \/><br \/>\n<\/div><\/div>\n<\/p>","protected":false},"excerpt":{"rendered":"<dl style=\"padding-top: 30px;\">\n<dt>Appellation<\/dt>\n<dd>xxxxxxx<\/dd>\n<dt>C\u00e9page<\/dt>\n<dd>xxxxxxx<\/dd>\n<dt>Volume<\/dt>\n<dd>0,75 L \/ 10\u20ac par litre<\/dd>\n<dt>Vintage<\/dt>\n<dd>xxxxxxxxxxxxxx<\/dd>\n<dt>Alcool<\/dt>\n<dd>xxxx %<\/dd>\n<dt>Vieillissement<\/dt>\n<dd>xx ann\u00e9es en tonneau\/<\/dd>\n<dt>Ar\u00f4me<\/dt>\n<dd>xxxx<\/dd>\n<dt>Caract\u00e9ristiques<\/dt>\n<dd>Feine und anhaltende Perlage - Frischer, typischer, ausgewogener und samtiger Geschmack.<\/dd>\n<dt>Les jumelages<\/dt>\n<dd>viande et poisson<\/dd>\n<\/dl>","protected":false},"featured_media":437,"template":"","meta":[],"product_brand":[],"product_cat":[26],"product_tag":[],"class_list":{"0":"post-436","1":"product","2":"type-product","3":"status-publish","4":"has-post-thumbnail","6":"product_cat-prosecco-extra-dry","8":"first","9":"instock","10":"taxable","11":"shipping-taxable","12":"purchasable","13":"product-type-simple"},"_links":{"self":[{"href":"https:\/\/prosecco.co.com\/fr\/wp-json\/wp\/v2\/product\/436","targetHints":{"allow":["GET"]}}],"collection":[{"href":"https:\/\/prosecco.co.com\/fr\/wp-json\/wp\/v2\/product"}],"about":[{"href":"https:\/\/prosecco.co.com\/fr\/wp-json\/wp\/v2\/types\/product"}],"wp:featuredmedia":[{"embeddable":true,"href":"https:\/\/prosecco.co.com\/fr\/wp-json\/wp\/v2\/media\/437"}],"wp:attachment":[{"href":"https:\/\/prosecco.co.com\/fr\/wp-json\/wp\/v2\/media?parent=436"}],"wp:term":[{"taxonomy":"product_brand","embeddable":true,"href":"https:\/\/prosecco.co.com\/fr\/wp-json\/wp\/v2\/product_brand?post=436"},{"taxonomy":"product_cat","embeddable":true,"href":"https:\/\/prosecco.co.com\/fr\/wp-json\/wp\/v2\/product_cat?post=436"},{"taxonomy":"product_tag","embeddable":true,"href":"https:\/\/prosecco.co.com\/fr\/wp-json\/wp\/v2\/product_tag?post=436"}],"curies":[{"name":"wp","href":"https:\/\/api.w.org\/{rel}","templated":true}]}}