{"id":432,"date":"2024-04-03T13:03:43","date_gmt":"2024-04-03T13:03:43","guid":{"rendered":"https:\/\/prosecco.co.com\/?post_type=product&#038;p=432"},"modified":"2024-04-07T16:29:30","modified_gmt":"2024-04-07T14:29:30","slug":"nouveau-modele-5","status":"publish","type":"product","link":"https:\/\/prosecco.co.com\/fr\/shop\/white-wine\/friulano-doc-cormons-collio\/","title":{"rendered":"Friulano DOC - <\/br>Corm\u00f2ns Collio -"},"content":{"rendered":"<div class=\"column one-second mobile-one\"><div class=\"mcb-column-inner\">\n<h4><strong>CANTINA PRODUTTORI CORM\u00d2NS-<hr class=\"no_line\" style=\"margin: 0 auto 40px auto\"\/>\n<\/strong><\/h4>\n<p><strong>La \u201cCantina Produttori Corm\u00f2ns\u201d est compos\u00e9e de plus de 120 familles de vignerons \u00e2g\u00e9s de 24 \u00e0 86 ans, anim\u00e9s par une passion et un savoir-faire purs pour produire des vins qui expriment le caract\u00e8re authentique et les traditions locales du Frioul-V\u00e9n\u00e9tie Julienne.<\/strong><\/p>\n<p><strong>C'est sans conteste l'une des plus grandes r\u00e9gions de vins blancs d'Europe. Cela est d\u00fb \u00e0 sa situation id\u00e9ale dans le nord-est de l'Italie, \u00e0 la fronti\u00e8re de la V\u00e9n\u00e9tie \u00e0 l'ouest, de la Slov\u00e9nie \u00e0 l'est et de l'Autriche au nord.<\/strong><\/p>\n<p><\/div><\/div>\n<br \/>\n<div class=\"column one-second mobile-one\"><div class=\"mcb-column-inner\"><br \/>\n<img loading=\"lazy\" decoding=\"async\" class=\"wp-image-493 size-full aligncenter\" src=\"https:\/\/prosecco.co.com\/wp-content\/uploads\/2024\/04\/Cormons-2.webp\" alt=\"\" width=\"300\" height=\"300\" srcset=\"https:\/\/prosecco.co.com\/wp-content\/uploads\/2024\/04\/Cormons-2.webp 300w, https:\/\/prosecco.co.com\/wp-content\/uploads\/2024\/04\/Cormons-2-12x12.webp 12w, https:\/\/prosecco.co.com\/wp-content\/uploads\/2024\/04\/Cormons-2-150x150.webp 150w, https:\/\/prosecco.co.com\/wp-content\/uploads\/2024\/04\/Cormons-2-75x75.webp 75w\" sizes=\"auto, (max-width:767px) 300px, 300px\" \/><br \/>\n<\/div><\/div>\n<\/p>","protected":false},"excerpt":{"rendered":"<dl style=\"padding-top: 30px;\">\n<dt>Appellation<\/dt>\n<dd>xxxxxxx<\/dd>\n<dt>C\u00e9page<\/dt>\n<dd>xxxxxxx<\/dd>\n<dt>Volume<\/dt>\n<dd>0,75 L \/ 10\u20ac par litre<\/dd>\n<dt>Vintage<\/dt>\n<dd>xxxxxxxxxxxxxx<\/dd>\n<dt>Alcool<\/dt>\n<dd>xxxx %<\/dd>\n<dt>Vieillissement<\/dt>\n<dd>xx ann\u00e9es en tonneau\/<\/dd>\n<dt>Ar\u00f4me<\/dt>\n<dd>xxxx<\/dd>\n<dt>Caract\u00e9ristiques<\/dt>\n<dd>Feine und anhaltende Perlage - Frischer, typischer, ausgewogener und samtiger Geschmack.<\/dd>\n<dt>Les jumelages<\/dt>\n<dd>viande et poisson<\/dd>\n<\/dl>","protected":false},"featured_media":433,"template":"","meta":[],"product_brand":[],"product_cat":[30],"product_tag":[],"class_list":{"0":"post-432","1":"product","2":"type-product","3":"status-publish","4":"has-post-thumbnail","6":"product_cat-white-wine","8":"first","9":"instock","10":"taxable","11":"shipping-taxable","12":"purchasable","13":"product-type-simple"},"_links":{"self":[{"href":"https:\/\/prosecco.co.com\/fr\/wp-json\/wp\/v2\/product\/432","targetHints":{"allow":["GET"]}}],"collection":[{"href":"https:\/\/prosecco.co.com\/fr\/wp-json\/wp\/v2\/product"}],"about":[{"href":"https:\/\/prosecco.co.com\/fr\/wp-json\/wp\/v2\/types\/product"}],"wp:featuredmedia":[{"embeddable":true,"href":"https:\/\/prosecco.co.com\/fr\/wp-json\/wp\/v2\/media\/433"}],"wp:attachment":[{"href":"https:\/\/prosecco.co.com\/fr\/wp-json\/wp\/v2\/media?parent=432"}],"wp:term":[{"taxonomy":"product_brand","embeddable":true,"href":"https:\/\/prosecco.co.com\/fr\/wp-json\/wp\/v2\/product_brand?post=432"},{"taxonomy":"product_cat","embeddable":true,"href":"https:\/\/prosecco.co.com\/fr\/wp-json\/wp\/v2\/product_cat?post=432"},{"taxonomy":"product_tag","embeddable":true,"href":"https:\/\/prosecco.co.com\/fr\/wp-json\/wp\/v2\/product_tag?post=432"}],"curies":[{"name":"wp","href":"https:\/\/api.w.org\/{rel}","templated":true}]}}