{"id":417,"date":"2024-04-03T12:04:27","date_gmt":"2024-04-03T12:04:27","guid":{"rendered":"https:\/\/prosecco.co.com\/?post_type=product&#038;p=417"},"modified":"2024-04-05T13:15:20","modified_gmt":"2024-04-05T11:15:20","slug":"nouveau-modele-8","status":"publish","type":"product","link":"https:\/\/prosecco.co.com\/fr\/shop\/white-wine\/pinot-grigio-delle-venezie-doc-casa-san-nicolo\/","title":{"rendered":"Pinot Grigio DOC - <\/br>Casa San Nicolo \"-"},"content":{"rendered":"<div class=\"column one-second mobile-one\"><div class=\"mcb-column-inner\">\n<h4><strong>CANTINA CASA SAN NICOL\u00d2-<hr class=\"no_line\" style=\"margin: 0 auto 40px auto\"\/>\n<\/strong><\/h4>\n<p><strong>La Casa San Nicol\u00f2 est situ\u00e9e dans le vaste paysage de Tr\u00e9vise. C'est ici que sont produits les meilleurs vins v\u00e9nitiens, alliant tradition et recherche constante de l'excellence.<\/strong><br \/>\n<strong>Ancien monast\u00e8re de moines dominicains qui s'occupaient des terres environnantes, la Casa San Nicol\u00f2 raconte la v\u00e9n\u00e9ration mill\u00e9naire du saint qui s'est \u00e9panouie depuis l'\u00e9poque de la S\u00e9r\u00e9nissime R\u00e9publique de Venise. Aujourd'hui, la cave est le lieu o\u00f9 les valeurs anciennes sont pr\u00e9serv\u00e9es pour cr\u00e9er une nouvelle excellence contemporaine.<\/strong><br \/>\n<\/div><\/div>\n<br \/>\n<div class=\"column one-second mobile-one\"><div class=\"mcb-column-inner\"><br \/>\n<img loading=\"lazy\" decoding=\"async\" class=\"wp-image-489 size-full aligncenter\" src=\"https:\/\/prosecco.co.com\/wp-content\/uploads\/2024\/04\/casa-san-nicolo.webp\" alt=\"\" width=\"300\" height=\"300\" srcset=\"https:\/\/prosecco.co.com\/wp-content\/uploads\/2024\/04\/casa-san-nicolo.webp 300w, https:\/\/prosecco.co.com\/wp-content\/uploads\/2024\/04\/casa-san-nicolo-12x12.webp 12w, https:\/\/prosecco.co.com\/wp-content\/uploads\/2024\/04\/casa-san-nicolo-150x150.webp 150w, https:\/\/prosecco.co.com\/wp-content\/uploads\/2024\/04\/casa-san-nicolo-75x75.webp 75w\" sizes=\"auto, (max-width:767px) 300px, 300px\" \/><br \/>\n<\/div><\/div>\n<\/p>","protected":false},"excerpt":{"rendered":"<dl style=\"padding-top: 30px;\">\n<dt>Appellation<\/dt>\n<dd>xxxxxxx<\/dd>\n<dt>C\u00e9page<\/dt>\n<dd>xxxxxxx<\/dd>\n<dt>Volume<\/dt>\n<dd>0,75 L \/ 10\u20ac par litre<\/dd>\n<dt>Vintage<\/dt>\n<dd>xxxxxxxxxxxxxx<\/dd>\n<dt>Alcool<\/dt>\n<dd>xxxx %<\/dd>\n<dt>Vieillissement<\/dt>\n<dd>xx ann\u00e9es en tonneau\/<\/dd>\n<dt>Ar\u00f4me<\/dt>\n<dd>xxxx<\/dd>\n<dt>Caract\u00e9ristiques<\/dt>\n<dd>Feine und anhaltende Perlage - Frischer, typischer, ausgewogener und samtiger Geschmack.<\/dd>\n<dt>Les jumelages<\/dt>\n<dd>viande et poisson<\/dd>\n<\/dl>","protected":false},"featured_media":172,"template":"","meta":[],"product_brand":[],"product_cat":[30],"product_tag":[],"class_list":{"0":"post-417","1":"product","2":"type-product","3":"status-publish","4":"has-post-thumbnail","6":"product_cat-white-wine","8":"first","9":"instock","10":"taxable","11":"shipping-taxable","12":"purchasable","13":"product-type-simple"},"_links":{"self":[{"href":"https:\/\/prosecco.co.com\/fr\/wp-json\/wp\/v2\/product\/417","targetHints":{"allow":["GET"]}}],"collection":[{"href":"https:\/\/prosecco.co.com\/fr\/wp-json\/wp\/v2\/product"}],"about":[{"href":"https:\/\/prosecco.co.com\/fr\/wp-json\/wp\/v2\/types\/product"}],"wp:featuredmedia":[{"embeddable":true,"href":"https:\/\/prosecco.co.com\/fr\/wp-json\/wp\/v2\/media\/172"}],"wp:attachment":[{"href":"https:\/\/prosecco.co.com\/fr\/wp-json\/wp\/v2\/media?parent=417"}],"wp:term":[{"taxonomy":"product_brand","embeddable":true,"href":"https:\/\/prosecco.co.com\/fr\/wp-json\/wp\/v2\/product_brand?post=417"},{"taxonomy":"product_cat","embeddable":true,"href":"https:\/\/prosecco.co.com\/fr\/wp-json\/wp\/v2\/product_cat?post=417"},{"taxonomy":"product_tag","embeddable":true,"href":"https:\/\/prosecco.co.com\/fr\/wp-json\/wp\/v2\/product_tag?post=417"}],"curies":[{"name":"wp","href":"https:\/\/api.w.org\/{rel}","templated":true}]}}