{"id":247,"date":"2024-03-15T22:59:42","date_gmt":"2024-03-15T22:59:42","guid":{"rendered":"https:\/\/prosecco.co.com\/?post_type=product&#038;p=247"},"modified":"2024-04-03T12:36:09","modified_gmt":"2024-04-03T12:36:09","slug":"nouveau-modele-4","status":"publish","type":"product","link":"https:\/\/prosecco.co.com\/fr\/shop\/uncategorised\/final-template\/","title":{"rendered":"Mod\u00e8le final"},"content":{"rendered":"<div class=\"column one-second mobile-one\"><div class=\"mcb-column-inner\">\n<h4>CANTINA BORTOLOMIOL-<hr class=\"no_line\" style=\"margin: 0 auto 40px auto\"\/>\n<\/h4>\n<p>Son pied de bouteille fin et \u00e9quilibr\u00e9 et sa saveur incomparable conf\u00e8rent \u00e0 ce vin une grande richesse et une grande capacit\u00e9 d'adaptation. Un vin pour toutes les occasions, de l'ap\u00e9ritif au bar avec des amis jusqu'\u00e0 l'ap\u00e9ritif. Mais c'est dans la cuisine qu'il prend tout son sens.<br \/>\n<\/div><\/div>\n<br \/>\n<div class=\"column one-second mobile-one\"><div class=\"mcb-column-inner\"><br \/>\n<img loading=\"lazy\" decoding=\"async\" class=\"wp-image-409 size-full aligncenter\" src=\"https:\/\/prosecco.co.com\/wp-content\/uploads\/2024\/03\/pro-1.webp\" alt=\"\" width=\"300\" height=\"300\" srcset=\"https:\/\/prosecco.co.com\/wp-content\/uploads\/2024\/03\/pro-1-150x150.webp 150w, https:\/\/prosecco.co.com\/wp-content\/uploads\/2024\/03\/pro-1-300x300.webp 300w\" sizes=\"auto, (max-width:767px) 300px, 300px\" \/><br \/>\n<\/div><\/div>\n<br \/>\n<hr class=\"no_line\" style=\"margin: 0 auto 0px auto\"\/>\n<\/p>","protected":false},"excerpt":{"rendered":"<dl style=\"padding-top: 30px;\">\n<dt>Appellation<\/dt>\n<dd>xxxxxxx<\/dd>\n<dt>C\u00e9page<\/dt>\n<dd>xxxxxxx<\/dd>\n<dt>Volume<\/dt>\n<dd>0,75 L \/ 10\u20ac par litre<\/dd>\n<dt>Vintage<\/dt>\n<dd>xxxxxxxxxxxxxx<\/dd>\n<dt>Alcool<\/dt>\n<dd>xxxx %<\/dd>\n<dt>Vieillissement<\/dt>\n<dd>xx ann\u00e9es en tonneau\/<\/dd>\n<dt>Ar\u00f4me<\/dt>\n<dd>xxxx <\/dd>\n<dt>Caract\u00e9ristiques<\/dt>\n<dd>Feine und anhaltende Perlage - Frischer, typischer, ausgewogener und samtiger Geschmack.<\/dd>\n<dt>Les jumelages<\/dt>\n<dd>viande et poisson<\/dd>\n<\/dl>","protected":false},"featured_media":172,"template":"","meta":[],"product_brand":[],"product_cat":[14],"product_tag":[],"class_list":{"0":"post-247","1":"product","2":"type-product","3":"status-publish","4":"has-post-thumbnail","6":"product_cat-uncategorised","8":"first","9":"instock","10":"taxable","11":"shipping-taxable","12":"purchasable","13":"product-type-simple"},"_links":{"self":[{"href":"https:\/\/prosecco.co.com\/fr\/wp-json\/wp\/v2\/product\/247","targetHints":{"allow":["GET"]}}],"collection":[{"href":"https:\/\/prosecco.co.com\/fr\/wp-json\/wp\/v2\/product"}],"about":[{"href":"https:\/\/prosecco.co.com\/fr\/wp-json\/wp\/v2\/types\/product"}],"wp:featuredmedia":[{"embeddable":true,"href":"https:\/\/prosecco.co.com\/fr\/wp-json\/wp\/v2\/media\/172"}],"wp:attachment":[{"href":"https:\/\/prosecco.co.com\/fr\/wp-json\/wp\/v2\/media?parent=247"}],"wp:term":[{"taxonomy":"product_brand","embeddable":true,"href":"https:\/\/prosecco.co.com\/fr\/wp-json\/wp\/v2\/product_brand?post=247"},{"taxonomy":"product_cat","embeddable":true,"href":"https:\/\/prosecco.co.com\/fr\/wp-json\/wp\/v2\/product_cat?post=247"},{"taxonomy":"product_tag","embeddable":true,"href":"https:\/\/prosecco.co.com\/fr\/wp-json\/wp\/v2\/product_tag?post=247"}],"curies":[{"name":"wp","href":"https:\/\/api.w.org\/{rel}","templated":true}]}}