{"id":3,"date":"2024-03-11T14:38:39","date_gmt":"2024-03-11T14:38:39","guid":{"rendered":"https:\/\/prosecco.co.com\/cart\/"},"modified":"2024-03-11T14:38:39","modified_gmt":"2024-03-11T14:38:39","slug":"chariot","status":"publish","type":"page","link":"https:\/\/prosecco.co.com\/fr\/cart\/","title":{"rendered":"Chariot"},"content":{"rendered":"<div data-block-name=\"woocommerce\/cart\" class=\"wp-block-woocommerce-cart alignwide is-loading\">\n<div data-block-name=\"woocommerce\/filled-cart-block\" class=\"wp-block-woocommerce-filled-cart-block\">\n<div data-block-name=\"woocommerce\/cart-items-block\" class=\"wp-block-woocommerce-cart-items-block\">\n<div data-block-name=\"woocommerce\/cart-line-items-block\" class=\"wp-block-woocommerce-cart-line-items-block\"><\/div>\n\n\n\n<div data-block-name=\"woocommerce\/cart-cross-sells-block\" class=\"wp-block-woocommerce-cart-cross-sells-block\">\n<h2 class=\"wp-block-heading has-large-font-size\">Vous pourriez \u00eatre int\u00e9ress\u00e9 par...<\/h2>\n\n\n\n<div data-block-name=\"woocommerce\/cart-cross-sells-products-block\" class=\"wp-block-woocommerce-cart-cross-sells-products-block\"><\/div>\n<\/div>\n<\/div>\n\n\n\n<div data-block-name=\"woocommerce\/cart-totals-block\" class=\"wp-block-woocommerce-cart-totals-block\">\n<div data-block-name=\"woocommerce\/cart-order-summary-block\" class=\"wp-block-woocommerce-cart-order-summary-block\">\n<div data-block-name=\"woocommerce\/cart-order-summary-heading-block\" class=\"wp-block-woocommerce-cart-order-summary-heading-block\"><\/div><div data-block-name=\"woocommerce\/cart-order-summary-coupon-form-block\" class=\"wp-block-woocommerce-cart-order-summary-coupon-form-block\"><\/div><div data-block-name=\"woocommerce\/cart-order-summary-totals-block\" class=\"wp-block-woocommerce-cart-order-summary-totals-block\">\n<div data-block-name=\"woocommerce\/cart-order-summary-subtotal-block\" class=\"wp-block-woocommerce-cart-order-summary-subtotal-block\"><\/div>\n<div data-block-name=\"woocommerce\/cart-order-summary-discount-block\" class=\"wp-block-woocommerce-cart-order-summary-discount-block\"><\/div>\n<div data-block-name=\"woocommerce\/cart-order-summary-fee-block\" class=\"wp-block-woocommerce-cart-order-summary-fee-block\"><\/div>\n<div data-block-name=\"woocommerce\/cart-order-summary-shipping-block\" class=\"wp-block-woocommerce-cart-order-summary-shipping-block\"><\/div>\n<div data-block-name=\"woocommerce\/cart-order-summary-taxes-block\" class=\"wp-block-woocommerce-cart-order-summary-taxes-block\"><\/div><\/div>\n<\/div>\n\n\n\n<div data-block-name=\"woocommerce\/cart-express-payment-block\" class=\"wp-block-woocommerce-cart-express-payment-block\"><\/div>\n\n\n\n<div data-block-name=\"woocommerce\/proceed-to-checkout-block\" class=\"wp-block-woocommerce-proceed-to-checkout-block\"><\/div>\n\n\n\n<div data-block-name=\"woocommerce\/cart-accepted-payment-methods-block\" class=\"wp-block-woocommerce-cart-accepted-payment-methods-block\"><\/div>\n<\/div>\n<\/div>\n\n\n\n<div data-block-name=\"woocommerce\/empty-cart-block\" class=\"wp-block-woocommerce-empty-cart-block\">\n<h2 class=\"wp-block-heading has-text-align-center with-empty-cart-icon wc-block-cart__empty-cart__title\">Votre panier est actuellement vide !<\/h2>\n\n\n\n<hr class=\"wp-block-separator has-alpha-channel-opacity is-style-dots\"\/>\n\n\n\n<h2 class=\"wp-block-heading has-text-align-center\">Nouveau en magasin<\/h2>\n\n\n<div data-block-name=\"woocommerce\/product-new\" data-columns=\"4\" data-rows=\"1\" class=\"wc-block-grid wp-block-product-new wp-block-woocommerce-product-new wc-block-product-new has-4-columns\"><ul class=\"wc-block-grid__products\"><li class=\"wc-block-grid__product\">\n\t\t\t\t<a href=\"https:\/\/prosecco.co.com\/fr\/shop\/prosecco-extra-dry\/prosecco-montelliana-extra-dry\/\" class=\"wc-block-grid__product-link\">\n\t\t\t\t\t\n\t\t\t\t\t<div class=\"wc-block-grid__product-image\"><img loading=\"lazy\" decoding=\"async\" width=\"800\" height=\"800\" src=\"https:\/\/prosecco.co.com\/wp-content\/uploads\/2024\/04\/Montelliana_prosecco-spumante-doc-treviso-extradry-800x800.png\" class=\"attachment-woocommerce_thumbnail size-woocommerce_thumbnail\" alt=\"Prosecco Montelliana DOC - &lt;\/br&gt;Extra sec -\" srcset=\"https:\/\/prosecco.co.com\/wp-content\/uploads\/2024\/04\/Montelliana_prosecco-spumante-doc-treviso-extradry-800x800.png 800w, https:\/\/prosecco.co.com\/wp-content\/uploads\/2024\/04\/Montelliana_prosecco-spumante-doc-treviso-extradry-500x500.png 500w, https:\/\/prosecco.co.com\/wp-content\/uploads\/2024\/04\/Montelliana_prosecco-spumante-doc-treviso-extradry-300x300.png 300w, https:\/\/prosecco.co.com\/wp-content\/uploads\/2024\/04\/Montelliana_prosecco-spumante-doc-treviso-extradry-768x768.png 768w, https:\/\/prosecco.co.com\/wp-content\/uploads\/2024\/04\/Montelliana_prosecco-spumante-doc-treviso-extradry-12x12.png 12w, https:\/\/prosecco.co.com\/wp-content\/uploads\/2024\/04\/Montelliana_prosecco-spumante-doc-treviso-extradry-150x150.png 150w, https:\/\/prosecco.co.com\/wp-content\/uploads\/2024\/04\/Montelliana_prosecco-spumante-doc-treviso-extradry-75x75.png 75w, https:\/\/prosecco.co.com\/wp-content\/uploads\/2024\/04\/Montelliana_prosecco-spumante-doc-treviso-extradry-480x480.png 480w, https:\/\/prosecco.co.com\/wp-content\/uploads\/2024\/04\/Montelliana_prosecco-spumante-doc-treviso-extradry.png 1080w\" sizes=\"auto, (max-width:767px) 480px, (max-width:800px) 100vw, 800px\" \/><\/div>\n\t\t\t\t\t<div class=\"wc-block-grid__product-title\">Prosecco Montelliana DOC - <\/br>Extra sec -<\/div>\n\t\t\t\t<\/a>\n\t\t\t\t<div class=\"wc-block-grid__product-price price\"><span class=\"woocommerce-Price-amount amount\"><span class=\"woocommerce-Price-currencySymbol\">\u20ac<\/span>&nbsp;380,00<\/span> <small class=\"woocommerce-price-suffix\">Taxe incluse<\/small><\/div>\n\t\t\t\t\n\t\t\t\t<div class=\"wp-block-button wc-block-grid__product-add-to-cart\"><a href=\"\/fr\/wp-json\/wp\/v2\/pages\/3?add-to-cart=517\" aria-label=\"Ajouter au panier\u00a0: \u201cProsecco Montelliana DOC - &lt;\/br&gt;Extra Dry -\u201d\" data-quantity=\"1\" data-product_id=\"517\" data-product_sku=\"\" data-price=\"380\" rel=\"nofollow\" class=\"wp-block-button__link  add_to_cart_button ajax_add_to_cart\" data-no-translation=\"\" data-trp-gettext=\"\" data-no-translation-aria-label=\"\">Ajouter au panier<\/a><\/div>\n\t\t\t<\/li><li class=\"wc-block-grid__product\">\n\t\t\t\t<a href=\"https:\/\/prosecco.co.com\/fr\/shop\/prosecco-extra-brut\/prosecco-col-vetoraz-docg-brut-0\/\" class=\"wc-block-grid__product-link\">\n\t\t\t\t\t\n\t\t\t\t\t<div class=\"wc-block-grid__product-image\"><img loading=\"lazy\" decoding=\"async\" width=\"500\" height=\"500\" src=\"https:\/\/prosecco.co.com\/wp-content\/uploads\/2024\/04\/extra-brut.png\" class=\"attachment-woocommerce_thumbnail size-woocommerce_thumbnail\" alt=\"Prosecco Col Vetoraz DOCG - &lt;\/br&gt;Extra Brut - &quot;Cuv&eacute;e &Oslash;&quot;\" srcset=\"https:\/\/prosecco.co.com\/wp-content\/uploads\/2024\/04\/extra-brut.png 500w, https:\/\/prosecco.co.com\/wp-content\/uploads\/2024\/04\/extra-brut-300x300.png 300w, https:\/\/prosecco.co.com\/wp-content\/uploads\/2024\/04\/extra-brut-12x12.png 12w, https:\/\/prosecco.co.com\/wp-content\/uploads\/2024\/04\/extra-brut-150x150.png 150w, https:\/\/prosecco.co.com\/wp-content\/uploads\/2024\/04\/extra-brut-75x75.png 75w, https:\/\/prosecco.co.com\/wp-content\/uploads\/2024\/04\/extra-brut-480x480.png 480w\" sizes=\"auto, (max-width:767px) 480px, 500px\" \/><\/div>\n\t\t\t\t\t<div class=\"wc-block-grid__product-title\">Prosecco Col Vetoraz DOCG - <\/br>Extra Brut - \"Cuv\u00e9e \u00d8\"<\/div>\n\t\t\t\t<\/a>\n\t\t\t\t<div class=\"wc-block-grid__product-price price\"><span class=\"woocommerce-Price-amount amount\"><span class=\"woocommerce-Price-currencySymbol\">\u20ac<\/span>&nbsp;380,00<\/span> <small class=\"woocommerce-price-suffix\">Taxe incluse<\/small><\/div>\n\t\t\t\t\n\t\t\t\t<div class=\"wp-block-button wc-block-grid__product-add-to-cart\"><a href=\"\/fr\/wp-json\/wp\/v2\/pages\/3?add-to-cart=516\" aria-label=\"Ajouter au panier\u00a0: \u201cProsecco Col Vetoraz DOCG \u2013 &lt;\/br&gt;Extra Brut \u2013 &quot;Cuv\u00e9e \u00d8&quot;\u201d\" data-quantity=\"1\" data-product_id=\"516\" data-product_sku=\"\" data-price=\"380\" rel=\"nofollow\" class=\"wp-block-button__link  add_to_cart_button ajax_add_to_cart\" data-no-translation=\"\" data-trp-gettext=\"\" data-no-translation-aria-label=\"\">Ajouter au panier<\/a><\/div>\n\t\t\t<\/li><li class=\"wc-block-grid__product\">\n\t\t\t\t<a href=\"https:\/\/prosecco.co.com\/fr\/shop\/prosecco-brut\/prosecco-col-vetoraz-docg-brut\/\" class=\"wc-block-grid__product-link\">\n\t\t\t\t\t\n\t\t\t\t\t<div class=\"wc-block-grid__product-image\"><img loading=\"lazy\" decoding=\"async\" width=\"800\" height=\"800\" src=\"https:\/\/prosecco.co.com\/wp-content\/uploads\/2024\/04\/Col-Vetoraz-Valdobbiadene-brut-800x800.png\" class=\"attachment-woocommerce_thumbnail size-woocommerce_thumbnail\" alt=\"Prosecco Col Vetoraz DOCG - &lt;\/br&gt;Brut -\" srcset=\"https:\/\/prosecco.co.com\/wp-content\/uploads\/2024\/04\/Col-Vetoraz-Valdobbiadene-brut-800x800.png 800w, https:\/\/prosecco.co.com\/wp-content\/uploads\/2024\/04\/Col-Vetoraz-Valdobbiadene-brut-500x500.png 500w, https:\/\/prosecco.co.com\/wp-content\/uploads\/2024\/04\/Col-Vetoraz-Valdobbiadene-brut-300x300.png 300w, https:\/\/prosecco.co.com\/wp-content\/uploads\/2024\/04\/Col-Vetoraz-Valdobbiadene-brut-768x768.png 768w, https:\/\/prosecco.co.com\/wp-content\/uploads\/2024\/04\/Col-Vetoraz-Valdobbiadene-brut-12x12.png 12w, https:\/\/prosecco.co.com\/wp-content\/uploads\/2024\/04\/Col-Vetoraz-Valdobbiadene-brut-150x150.png 150w, https:\/\/prosecco.co.com\/wp-content\/uploads\/2024\/04\/Col-Vetoraz-Valdobbiadene-brut-75x75.png 75w, https:\/\/prosecco.co.com\/wp-content\/uploads\/2024\/04\/Col-Vetoraz-Valdobbiadene-brut-480x480.png 480w, https:\/\/prosecco.co.com\/wp-content\/uploads\/2024\/04\/Col-Vetoraz-Valdobbiadene-brut.png 1080w\" sizes=\"auto, (max-width:767px) 480px, (max-width:800px) 100vw, 800px\" \/><\/div>\n\t\t\t\t\t<div class=\"wc-block-grid__product-title\">Prosecco Col Vetoraz DOCG - <\/br>Brut -<\/div>\n\t\t\t\t<\/a>\n\t\t\t\t<div class=\"wc-block-grid__product-price price\"><span class=\"woocommerce-Price-amount amount\"><span class=\"woocommerce-Price-currencySymbol\">\u20ac<\/span>&nbsp;380,00<\/span> <small class=\"woocommerce-price-suffix\">Taxe incluse<\/small><\/div>\n\t\t\t\t\n\t\t\t\t<div class=\"wp-block-button wc-block-grid__product-add-to-cart\"><a href=\"\/fr\/wp-json\/wp\/v2\/pages\/3?add-to-cart=511\" aria-label=\"Ajouter au panier\u00a0: \u201cProsecco Col Vetoraz DOCG \u2013 &lt;\/br&gt;Brut \u2013\u201d\" data-quantity=\"1\" data-product_id=\"511\" data-product_sku=\"\" data-price=\"380\" rel=\"nofollow\" class=\"wp-block-button__link  add_to_cart_button ajax_add_to_cart\" data-no-translation=\"\" data-trp-gettext=\"\" data-no-translation-aria-label=\"\">Ajouter au panier<\/a><\/div>\n\t\t\t<\/li><li class=\"wc-block-grid__product\">\n\t\t\t\t<a href=\"https:\/\/prosecco.co.com\/fr\/shop\/prosecco-extra-dry\/prosecco-col-vetoraz-valdobbiadene-docg-extra-dry\/\" class=\"wc-block-grid__product-link\">\n\t\t\t\t\t\n\t\t\t\t\t<div class=\"wc-block-grid__product-image\"><img loading=\"lazy\" decoding=\"async\" width=\"800\" height=\"800\" src=\"https:\/\/prosecco.co.com\/wp-content\/uploads\/2024\/04\/Col-Vetoraz-Valdobbiadene-extra-dry-800x800.png\" class=\"attachment-woocommerce_thumbnail size-woocommerce_thumbnail\" alt=\"Prosecco Col Vetoraz DOCG - &lt;\/br&gt;Extra sec -\" srcset=\"https:\/\/prosecco.co.com\/wp-content\/uploads\/2024\/04\/Col-Vetoraz-Valdobbiadene-extra-dry-800x800.png 800w, https:\/\/prosecco.co.com\/wp-content\/uploads\/2024\/04\/Col-Vetoraz-Valdobbiadene-extra-dry-500x500.png 500w, https:\/\/prosecco.co.com\/wp-content\/uploads\/2024\/04\/Col-Vetoraz-Valdobbiadene-extra-dry-300x300.png 300w, https:\/\/prosecco.co.com\/wp-content\/uploads\/2024\/04\/Col-Vetoraz-Valdobbiadene-extra-dry-768x768.png 768w, https:\/\/prosecco.co.com\/wp-content\/uploads\/2024\/04\/Col-Vetoraz-Valdobbiadene-extra-dry-12x12.png 12w, https:\/\/prosecco.co.com\/wp-content\/uploads\/2024\/04\/Col-Vetoraz-Valdobbiadene-extra-dry-150x150.png 150w, https:\/\/prosecco.co.com\/wp-content\/uploads\/2024\/04\/Col-Vetoraz-Valdobbiadene-extra-dry-75x75.png 75w, https:\/\/prosecco.co.com\/wp-content\/uploads\/2024\/04\/Col-Vetoraz-Valdobbiadene-extra-dry-480x480.png 480w, https:\/\/prosecco.co.com\/wp-content\/uploads\/2024\/04\/Col-Vetoraz-Valdobbiadene-extra-dry.png 1080w\" sizes=\"auto, (max-width:767px) 480px, (max-width:800px) 100vw, 800px\" \/><\/div>\n\t\t\t\t\t<div class=\"wc-block-grid__product-title\">Prosecco Col Vetoraz DOCG - <\/br>Extra sec -<\/div>\n\t\t\t\t<\/a>\n\t\t\t\t<div class=\"wc-block-grid__product-price price\"><span class=\"woocommerce-Price-amount amount\"><span class=\"woocommerce-Price-currencySymbol\">\u20ac<\/span>&nbsp;380,00<\/span> <small class=\"woocommerce-price-suffix\">Taxe incluse<\/small><\/div>\n\t\t\t\t\n\t\t\t\t<div class=\"wp-block-button wc-block-grid__product-add-to-cart\"><a href=\"\/fr\/wp-json\/wp\/v2\/pages\/3?add-to-cart=505\" aria-label=\"Ajouter au panier\u00a0: \u201cProsecco Col Vetoraz DOCG \u2013 &lt;\/br&gt;Extra Dry \u2013\u201d\" data-quantity=\"1\" data-product_id=\"505\" data-product_sku=\"\" data-price=\"380\" rel=\"nofollow\" class=\"wp-block-button__link  add_to_cart_button ajax_add_to_cart\" data-no-translation=\"\" data-trp-gettext=\"\" data-no-translation-aria-label=\"\">Ajouter au panier<\/a><\/div>\n\t\t\t<\/li><\/ul><\/div><\/div>\n<\/div>","protected":false},"excerpt":{"rendered":"","protected":false},"author":1,"featured_media":0,"parent":0,"menu_order":0,"comment_status":"closed","ping_status":"closed","template":"","meta":{"footnotes":""},"class_list":["post-3","page","type-page","status-publish","hentry"],"_links":{"self":[{"href":"https:\/\/prosecco.co.com\/fr\/wp-json\/wp\/v2\/pages\/3","targetHints":{"allow":["GET"]}}],"collection":[{"href":"https:\/\/prosecco.co.com\/fr\/wp-json\/wp\/v2\/pages"}],"about":[{"href":"https:\/\/prosecco.co.com\/fr\/wp-json\/wp\/v2\/types\/page"}],"author":[{"embeddable":true,"href":"https:\/\/prosecco.co.com\/fr\/wp-json\/wp\/v2\/users\/1"}],"replies":[{"embeddable":true,"href":"https:\/\/prosecco.co.com\/fr\/wp-json\/wp\/v2\/comments?post=3"}],"version-history":[{"count":0,"href":"https:\/\/prosecco.co.com\/fr\/wp-json\/wp\/v2\/pages\/3\/revisions"}],"wp:attachment":[{"href":"https:\/\/prosecco.co.com\/fr\/wp-json\/wp\/v2\/media?parent=3"}],"curies":[{"name":"wp","href":"https:\/\/api.w.org\/{rel}","templated":true}]}}